{"id":961,"date":"2021-04-06T10:35:00","date_gmt":"2021-04-06T10:35:00","guid":{"rendered":"http:\/\/juancabame.com\/?page_id=961"},"modified":"2025-03-19T15:20:16","modified_gmt":"2025-03-19T20:20:16","slug":"home","status":"publish","type":"page","link":"https:\/\/juancabame.com\/","title":{"rendered":"Home"},"content":{"rendered":"\n<div class=\"wp-block-cover alignfull is-light\" style=\"padding-top:20px;padding-right:20px;padding-bottom:20px;padding-left:20px;min-height:100vh;aspect-ratio:unset;\"><span aria-hidden=\"true\" class=\"wp-block-cover__background has-ast-global-color-8-background-color has-background-dim\"><\/span><img loading=\"lazy\" decoding=\"async\" width=\"1200\" height=\"1600\" class=\"wp-block-cover__image-background wp-image-1203\" alt=\"\" src=\"https:\/\/juancabame.com\/wp-content\/uploads\/2022\/05\/IMG-20211226-WA0027-1.jpg\" data-object-fit=\"cover\" srcset=\"https:\/\/juancabame.com\/wp-content\/uploads\/2022\/05\/IMG-20211226-WA0027-1.jpg 1200w, https:\/\/juancabame.com\/wp-content\/uploads\/2022\/05\/IMG-20211226-WA0027-1-225x300.jpg 225w, https:\/\/juancabame.com\/wp-content\/uploads\/2022\/05\/IMG-20211226-WA0027-1-768x1024.jpg 768w, https:\/\/juancabame.com\/wp-content\/uploads\/2022\/05\/IMG-20211226-WA0027-1-1152x1536.jpg 1152w\" sizes=\"auto, (max-width: 1200px) 100vw, 1200px\" \/><div class=\"wp-block-cover__inner-container is-layout-flow wp-block-cover-is-layout-flow\">\n<div class=\"wp-block-media-text alignwide is-stacked-on-mobile\"><figure class=\"wp-block-media-text__media\"><\/figure><div class=\"wp-block-media-text__content\">\n<h1 class=\"has-white-color has-text-color wp-block-heading\" style=\"text-transform:capitalize\">Juan Camilo Bautista Medina<\/h1>\n\n\n\n<p class=\"has-text-color has-medium-font-size\" style=\"color:#d9dee8\">Ingeniero Electronico y telecomunicaciones. <\/p>\n\n\n\n<p class=\"has-text-color has-medium-font-size\" style=\"color:#d9dee8\">Especialista en seguridad de la informaci\u00f3n.<\/p>\n\n\n\n<div class=\"wp-block-buttons is-layout-flex wp-block-buttons-is-layout-flex\"><\/div>\n<\/div><\/div>\n<\/div><\/div>\n\n\n\n<div class=\"inherit-container-width wp-block-group alignfull has-ast-global-color-5-background-color has-background is-layout-constrained wp-block-group-is-layout-constrained\"><div class=\"wp-block-group__inner-container\">\n<h2 class=\"has-text-align-center wp-block-heading\">Certificado en:<\/h2>\n\n\n\n<div class=\"wp-block-columns is-layout-flex wp-container-core-columns-is-layout-28f84493 wp-block-columns-is-layout-flex\">\n<div class=\"wp-block-column is-layout-flow wp-block-column-is-layout-flow\">\n<figure class=\"wp-block-image aligncenter size-full is-resized is-style-rounded\"><img loading=\"lazy\" decoding=\"async\" src=\"https:\/\/juancabame.com\/wp-content\/uploads\/2022\/05\/CCNA-1.png\" alt=\"\" class=\"wp-image-1222\" width=\"217\" height=\"217\" srcset=\"https:\/\/juancabame.com\/wp-content\/uploads\/2022\/05\/CCNA-1.png 352w, https:\/\/juancabame.com\/wp-content\/uploads\/2022\/05\/CCNA-1-300x300.png 300w, https:\/\/juancabame.com\/wp-content\/uploads\/2022\/05\/CCNA-1-150x150.png 150w\" sizes=\"auto, (max-width: 217px) 100vw, 217px\" \/><\/figure>\n<\/div>\n\n\n\n<div class=\"wp-block-column is-layout-flow wp-block-column-is-layout-flow\">\n<figure class=\"wp-block-image aligncenter size-full is-resized is-style-default\"><img loading=\"lazy\" decoding=\"async\" src=\"https:\/\/juancabame.com\/wp-content\/uploads\/2022\/05\/Itil.jpg\" alt=\"\" class=\"wp-image-1223\" width=\"233\" height=\"185\"\/><\/figure>\n<\/div>\n\n\n\n<div class=\"wp-block-column is-layout-flow wp-block-column-is-layout-flow\">\n<figure class=\"wp-block-image aligncenter size-full is-resized\"><img loading=\"lazy\" decoding=\"async\" src=\"https:\/\/juancabame.com\/wp-content\/uploads\/2022\/05\/Iso27001.jpg\" alt=\"\" class=\"wp-image-1224\" width=\"207\" height=\"190\"\/><\/figure>\n<\/div>\n\n\n\n<div class=\"wp-block-column is-layout-flow wp-block-column-is-layout-flow\">\n<figure class=\"wp-block-image aligncenter size-full is-resized\"><img loading=\"lazy\" decoding=\"async\" src=\"https:\/\/juancabame.com\/wp-content\/uploads\/2022\/05\/ISO-27032.jpeg\" alt=\"\" class=\"wp-image-1227\" width=\"253\" height=\"190\" srcset=\"https:\/\/juancabame.com\/wp-content\/uploads\/2022\/05\/ISO-27032.jpeg 400w, https:\/\/juancabame.com\/wp-content\/uploads\/2022\/05\/ISO-27032-300x225.jpeg 300w\" sizes=\"auto, (max-width: 253px) 100vw, 253px\" \/><\/figure>\n<\/div>\n<\/div>\n\n\n\n<div class=\"wp-block-columns is-layout-flex wp-container-core-columns-is-layout-28f84493 wp-block-columns-is-layout-flex\">\n<div class=\"wp-block-column is-layout-flow wp-block-column-is-layout-flow\">\n<figure class=\"wp-block-image aligncenter size-full\"><img loading=\"lazy\" decoding=\"async\" width=\"225\" height=\"225\" src=\"https:\/\/juancabame.com\/wp-content\/uploads\/2022\/05\/Fortinet_1.jpg\" alt=\"\" class=\"wp-image-1228\" srcset=\"https:\/\/juancabame.com\/wp-content\/uploads\/2022\/05\/Fortinet_1.jpg 225w, https:\/\/juancabame.com\/wp-content\/uploads\/2022\/05\/Fortinet_1-150x150.jpg 150w\" sizes=\"auto, (max-width: 225px) 100vw, 225px\" \/><\/figure>\n<\/div>\n\n\n\n<div class=\"wp-block-column is-layout-flow wp-block-column-is-layout-flow\">\n<figure class=\"wp-block-image aligncenter size-full\"><img loading=\"lazy\" decoding=\"async\" width=\"225\" height=\"225\" src=\"https:\/\/juancabame.com\/wp-content\/uploads\/2022\/05\/Fortinet_2.jpg\" alt=\"\" class=\"wp-image-1229\" srcset=\"https:\/\/juancabame.com\/wp-content\/uploads\/2022\/05\/Fortinet_2.jpg 225w, https:\/\/juancabame.com\/wp-content\/uploads\/2022\/05\/Fortinet_2-150x150.jpg 150w\" sizes=\"auto, (max-width: 225px) 100vw, 225px\" \/><\/figure>\n<\/div>\n\n\n\n<div class=\"wp-block-column is-layout-flow wp-block-column-is-layout-flow\">\n<figure class=\"wp-block-image aligncenter size-large is-resized\"><img loading=\"lazy\" decoding=\"async\" src=\"https:\/\/juancabame.com\/wp-content\/uploads\/2022\/05\/NSE3-Certification-1024x1024.png\" alt=\"\" class=\"wp-image-1230\" width=\"224\" height=\"224\" srcset=\"https:\/\/juancabame.com\/wp-content\/uploads\/2022\/05\/NSE3-Certification.png 1024w, https:\/\/juancabame.com\/wp-content\/uploads\/2022\/05\/NSE3-Certification-300x300.png 300w, https:\/\/juancabame.com\/wp-content\/uploads\/2022\/05\/NSE3-Certification-150x150.png 150w, https:\/\/juancabame.com\/wp-content\/uploads\/2022\/05\/NSE3-Certification-768x768.png 768w\" sizes=\"auto, (max-width: 224px) 100vw, 224px\" \/><\/figure>\n<\/div>\n\n\n\n<div class=\"wp-block-column is-layout-flow wp-block-column-is-layout-flow\">\n<figure class=\"wp-block-image aligncenter size-full is-resized is-style-default\"><img loading=\"lazy\" decoding=\"async\" src=\"https:\/\/juancabame.com\/wp-content\/uploads\/2022\/05\/Sophos.png\" alt=\"\" class=\"wp-image-1231\" width=\"204\" height=\"225\"\/><\/figure>\n<\/div>\n<\/div>\n<\/div><\/div>\n\n\n\n<figure class=\"wp-block-image size-full is-resized\"><img loading=\"lazy\" decoding=\"async\" src=\"https:\/\/juancabame.com\/wp-content\/uploads\/2022\/05\/Sophos-FW.png\" alt=\"\" class=\"wp-image-1238\" width=\"221\" height=\"221\" srcset=\"https:\/\/juancabame.com\/wp-content\/uploads\/2022\/05\/Sophos-FW.png 288w, https:\/\/juancabame.com\/wp-content\/uploads\/2022\/05\/Sophos-FW-150x150.png 150w\" sizes=\"auto, (max-width: 221px) 100vw, 221px\" \/><\/figure>\n\n\n\n<div class=\"inherit-container-width wp-block-group alignfull is-layout-constrained wp-block-group-is-layout-constrained\"><div class=\"wp-block-group__inner-container\">\n<div class=\"wp-block-columns alignwide is-layout-flex wp-container-core-columns-is-layout-28f84493 wp-block-columns-is-layout-flex\">\n<div class=\"wp-block-column is-layout-flow wp-block-column-is-layout-flow\">\n<p><\/p>\n\n\n\n<p><\/p>\n\n\n\n<p><\/p>\n\n\n\n<p><\/p>\n\n\n\n<p><\/p>\n\n\n\n<h1 class=\"has-text-align-center wp-block-heading\">Cursos:<\/h1>\n<\/div>\n\n\n\n<div class=\"wp-block-column is-layout-flow wp-block-column-is-layout-flow\">\n<h4 class=\"wp-block-heading\">Check Point Certified Admin.<\/h4>\n\n\n\n<hr class=\"wp-block-separator has-text-color has-css-opacity has-background is-style-wide\" style=\"background-color:#d9dee8;color:#d9dee8\"\/>\n\n\n\n<h4 class=\"wp-block-heading\">AZ-104: MICROSOFT AZURE ADMINISTRATOR.<\/h4>\n\n\n\n<hr class=\"wp-block-separator has-text-color has-css-opacity has-background is-style-wide\" style=\"background-color:#d9dee8;color:#d9dee8\"\/>\n\n\n\n<h4 class=\"wp-block-heading\">ISO 27032.<\/h4>\n\n\n\n<hr class=\"wp-block-separator has-text-color has-css-opacity has-background is-style-wide\" style=\"background-color:#d9dee8;color:#d9dee8\"\/>\n\n\n\n<h4 class=\"wp-block-heading\">Redes y seguridad.<\/h4>\n\n\n\n<hr class=\"wp-block-separator has-text-color has-css-opacity has-background is-style-wide\" style=\"background-color:#d9dee8;color:#d9dee8\"\/>\n\n\n\n<h4 class=\"wp-block-heading\">Internetworking CISCO CCNA routing y switching.<\/h4>\n\n\n\n<hr class=\"wp-block-separator has-text-color has-css-opacity has-background is-style-wide\" style=\"background-color:#d9dee8;color:#d9dee8\"\/>\n\n\n\n<h4 class=\"wp-block-heading\">English dot works 1.<\/h4>\n\n\n\n<hr class=\"wp-block-separator has-text-color has-css-opacity has-background is-style-wide\" style=\"background-color:#d9dee8;color:#d9dee8\"\/>\n\n\n\n<h4 class=\"wp-block-heading\">Desarrollo de aplicaciones con interfaz gr\u00e1fica, manejo de eventos, clases y objetos: JAVA.<\/h4>\n\n\n\n<hr class=\"wp-block-separator has-text-color has-css-opacity has-background is-style-wide\" style=\"background-color:#d9dee8;color:#d9dee8\"\/>\n\n\n\n<h4 class=\"wp-block-heading\">Desarrollo de aplicaciones con manejo de datos en la memoria- JAVA.<\/h4>\n\n\n\n<hr class=\"wp-block-separator has-text-color has-css-opacity has-background is-style-wide\" style=\"background-color:#d9dee8;color:#d9dee8\"\/>\n<\/div>\n<\/div>\n<\/div><\/div>\n\n\n\n<div class=\"inherit-container-width wp-block-group alignfull has-ast-global-color-5-background-color has-background is-layout-constrained wp-block-group-is-layout-constrained\"><div class=\"wp-block-group__inner-container\">\n<div class=\"wp-block-columns is-layout-flex wp-container-core-columns-is-layout-28f84493 wp-block-columns-is-layout-flex\">\n<div class=\"wp-block-column is-layout-flow wp-block-column-is-layout-flow\">\n<h6 class=\"has-ast-global-color-0-color has-text-color wp-block-heading\">Sobre mi:<\/h6>\n\n\n\n<h2 class=\"wp-block-heading\">Juan Camilo Bautista Medina:<\/h2>\n<\/div>\n\n\n\n<div class=\"wp-block-column is-layout-flow wp-block-column-is-layout-flow\">\n<hr class=\"wp-block-separator has-text-color has-ast-global-color-0-color has-css-opacity has-ast-global-color-0-background-color has-background\"\/>\n\n\n\n<p><\/p>\n\n\n\n<p>Ingeniero electr\u00f3nico y telecomunicaciones, con especializaci\u00f3n en seguridad de la informaci\u00f3n y estudiante de especializaci\u00f3n en inteligencia artificial, con certificaciones en el \u00e1rea de redes, seguridad inform\u00e1tica y procesos.<\/p>\n\n\n\n<p>Le gusta leer libros de fantas\u00eda y los video juegos de ROL.<\/p>\n\n\n\n<div class=\"wp-block-buttons is-layout-flex wp-block-buttons-is-layout-flex\">\n<div class=\"wp-block-button is-style-fill\"><a class=\"wp-block-button__link has-ast-global-color-4-color has-ast-global-color-0-background-color has-text-color has-background wp-element-button\">Read More<\/a><\/div>\n<\/div>\n<\/div>\n<\/div>\n<\/div><\/div>\n\n\n\n<div class=\"inherit-container-width wp-block-group alignfull has-ast-global-color-5-background-color has-background is-layout-constrained wp-block-group-is-layout-constrained\"><div class=\"wp-block-group__inner-container\">\n<div class=\"wp-block-columns is-layout-flex wp-container-core-columns-is-layout-28f84493 wp-block-columns-is-layout-flex\">\n<div class=\"wp-block-column is-layout-flow wp-block-column-is-layout-flow\">\n<figure class=\"wp-block-image size-large\"><img loading=\"lazy\" decoding=\"async\" width=\"768\" height=\"1024\" src=\"http:\/\/juancabame.com\/wp-content\/uploads\/2022\/05\/IMG-20210818-WA0142-e1652026615172-768x1024.jpg\" alt=\"\" class=\"wp-image-1253\" srcset=\"https:\/\/juancabame.com\/wp-content\/uploads\/2022\/05\/IMG-20210818-WA0142-e1652026615172-768x1024.jpg 768w, https:\/\/juancabame.com\/wp-content\/uploads\/2022\/05\/IMG-20210818-WA0142-e1652026615172-225x300.jpg 225w, https:\/\/juancabame.com\/wp-content\/uploads\/2022\/05\/IMG-20210818-WA0142-e1652026615172.jpg 960w\" sizes=\"auto, (max-width: 768px) 100vw, 768px\" \/><\/figure>\n<\/div>\n\n\n\n<div class=\"wp-block-column is-vertically-aligned-center is-layout-flow wp-block-column-is-layout-flow\">\n<h3 class=\"wp-block-heading\"><em>Dar el ejemplo no es la principal manera de influir sobre los dem\u00e1s, es la \u00fanica manera.<\/em><\/h3>\n\n\n\n<div class=\"wp-block-columns is-layout-flex wp-container-core-columns-is-layout-28f84493 wp-block-columns-is-layout-flex\">\n<div class=\"wp-block-column is-vertically-aligned-bottom is-layout-flow wp-block-column-is-layout-flow\">\n<figure class=\"wp-block-image size-full is-resized is-style-rounded\"><img loading=\"lazy\" decoding=\"async\" src=\"https:\/\/juancabame.com\/wp-content\/uploads\/2022\/05\/alberjpg.jpg\" alt=\"\" class=\"wp-image-1254\" width=\"115\" height=\"86\"\/><\/figure>\n<\/div>\n\n\n\n<div class=\"wp-block-column is-layout-flow wp-block-column-is-layout-flow\">\n<h5 class=\"wp-block-heading\">Albert Einstein<\/h5>\n<\/div>\n\n\n\n<div class=\"wp-block-column is-layout-flow wp-block-column-is-layout-flow\"><\/div>\n\n\n\n<div class=\"wp-block-column is-layout-flow wp-block-column-is-layout-flow\"><\/div>\n\n\n\n<div class=\"wp-block-column is-layout-flow wp-block-column-is-layout-flow\"><\/div>\n<\/div>\n\n\n\n<h3 class=\"wp-block-heading\"><em>La educaci\u00f3n es el arma m\u00e1s poderosa para cambiar el mundo<\/em>.<\/h3>\n\n\n\n<div class=\"wp-block-columns is-layout-flex wp-container-core-columns-is-layout-28f84493 wp-block-columns-is-layout-flex\">\n<div class=\"wp-block-column is-layout-flow wp-block-column-is-layout-flow\">\n<div class=\"wp-block-columns is-layout-flex wp-container-core-columns-is-layout-28f84493 wp-block-columns-is-layout-flex\">\n<div class=\"wp-block-column is-layout-flow wp-block-column-is-layout-flow\">\n<figure class=\"wp-block-image size-full is-resized is-style-rounded\"><img loading=\"lazy\" decoding=\"async\" src=\"https:\/\/juancabame.com\/wp-content\/uploads\/2022\/05\/mandela_nelson_5.jpg\" alt=\"\" class=\"wp-image-1255\" width=\"120\" height=\"100\" srcset=\"https:\/\/juancabame.com\/wp-content\/uploads\/2022\/05\/mandela_nelson_5.jpg 420w, https:\/\/juancabame.com\/wp-content\/uploads\/2022\/05\/mandela_nelson_5-300x252.jpg 300w\" sizes=\"auto, (max-width: 120px) 100vw, 120px\" \/><\/figure>\n<\/div>\n\n\n\n<div class=\"wp-block-column is-layout-flow wp-block-column-is-layout-flow\">\n<h5 class=\"wp-block-heading\">Nelson Mandela<\/h5>\n<\/div>\n\n\n\n<div class=\"wp-block-column is-layout-flow wp-block-column-is-layout-flow\"><\/div>\n\n\n\n<div class=\"wp-block-column is-layout-flow wp-block-column-is-layout-flow\"><\/div>\n\n\n\n<div class=\"wp-block-column is-layout-flow wp-block-column-is-layout-flow\"><\/div>\n<\/div>\n<\/div>\n<\/div>\n<\/div>\n<\/div>\n<\/div><\/div>\n","protected":false},"excerpt":{"rendered":"<p>Certificado en: Cursos: Check Point Certified Admin. AZ-104: MICROSOFT AZURE ADMINISTRATOR. ISO 27032. Redes y seguridad. Internetworking CISCO CCNA routing y switching. English dot works 1. Desarrollo de aplicaciones con interfaz gr\u00e1fica, manejo de eventos, clases y objetos: JAVA. Desarrollo de aplicaciones con manejo de datos en la memoria- JAVA. Sobre mi: Juan Camilo Bautista &hellip;<\/p>\n<p class=\"read-more\"> <a class=\"\" href=\"https:\/\/juancabame.com\/\"> <span class=\"screen-reader-text\">Home<\/span> Leer m\u00e1s &raquo;<\/a><\/p>\n","protected":false},"author":1,"featured_media":0,"parent":0,"menu_order":0,"comment_status":"closed","ping_status":"closed","template":"","meta":{"om_disable_all_campaigns":false,"_mi_skip_tracking":false,"site-sidebar-layout":"no-sidebar","site-content-layout":"plain-container","ast-global-header-display":"","ast-main-header-display":"","ast-hfb-above-header-display":"","ast-hfb-below-header-display":"","ast-hfb-mobile-header-display":"","site-post-title":"disabled","ast-breadcrumbs-content":"disabled","ast-featured-img":"disabled","footer-sml-layout":"","theme-transparent-header-meta":"enabled","adv-header-id-meta":"","stick-header-meta":"","header-above-stick-meta":"","header-main-stick-meta":"","header-below-stick-meta":"","footnotes":""},"class_list":["post-961","page","type-page","status-publish","hentry"],"yoast_head":"<!-- This site is optimized with the Yoast SEO plugin v27.4 - https:\/\/yoast.com\/product\/yoast-seo-wordpress\/ -->\n<title>Home - juancabame.com<\/title>\n<meta name=\"robots\" content=\"index, follow, max-snippet:-1, max-image-preview:large, max-video-preview:-1\" \/>\n<link rel=\"canonical\" href=\"https:\/\/juancabame.com\/\" \/>\n<meta property=\"og:locale\" content=\"es_ES\" \/>\n<meta property=\"og:type\" content=\"article\" \/>\n<meta property=\"og:title\" content=\"Home - juancabame.com\" \/>\n<meta property=\"og:description\" content=\"Certificado en: Cursos: Check Point Certified Admin. AZ-104: MICROSOFT AZURE ADMINISTRATOR. ISO 27032. Redes y seguridad. Internetworking CISCO CCNA routing y switching. English dot works 1. Desarrollo de aplicaciones con interfaz gr\u00e1fica, manejo de eventos, clases y objetos: JAVA. Desarrollo de aplicaciones con manejo de datos en la memoria- JAVA. Sobre mi: Juan Camilo Bautista &hellip; Home Leer m\u00e1s &raquo;\" \/>\n<meta property=\"og:url\" content=\"https:\/\/juancabame.com\/\" \/>\n<meta property=\"og:site_name\" content=\"juancabame.com\" \/>\n<meta property=\"article:modified_time\" content=\"2025-03-19T20:20:16+00:00\" \/>\n<meta property=\"og:image\" content=\"https:\/\/juancabame.com\/wp-content\/uploads\/2022\/05\/IMG-20211226-WA0027-1.jpg\" \/>\n<meta name=\"twitter:card\" content=\"summary_large_image\" \/>\n<meta name=\"twitter:label1\" content=\"Tiempo de lectura\" \/>\n\t<meta name=\"twitter:data1\" content=\"4 minutos\" \/>\n<script type=\"application\/ld+json\" class=\"yoast-schema-graph\">{\"@context\":\"https:\\\/\\\/schema.org\",\"@graph\":[{\"@type\":\"WebPage\",\"@id\":\"https:\\\/\\\/juancabame.com\\\/\",\"url\":\"https:\\\/\\\/juancabame.com\\\/\",\"name\":\"Home - juancabame.com\",\"isPartOf\":{\"@id\":\"https:\\\/\\\/juancabame.com\\\/#website\"},\"primaryImageOfPage\":{\"@id\":\"https:\\\/\\\/juancabame.com\\\/#primaryimage\"},\"image\":{\"@id\":\"https:\\\/\\\/juancabame.com\\\/#primaryimage\"},\"thumbnailUrl\":\"https:\\\/\\\/juancabame.com\\\/wp-content\\\/uploads\\\/2022\\\/05\\\/IMG-20211226-WA0027-1.jpg\",\"datePublished\":\"2021-04-06T10:35:00+00:00\",\"dateModified\":\"2025-03-19T20:20:16+00:00\",\"breadcrumb\":{\"@id\":\"https:\\\/\\\/juancabame.com\\\/#breadcrumb\"},\"inLanguage\":\"es-CO\",\"potentialAction\":[{\"@type\":\"ReadAction\",\"target\":[\"https:\\\/\\\/juancabame.com\\\/\"]}]},{\"@type\":\"ImageObject\",\"inLanguage\":\"es-CO\",\"@id\":\"https:\\\/\\\/juancabame.com\\\/#primaryimage\",\"url\":\"https:\\\/\\\/juancabame.com\\\/wp-content\\\/uploads\\\/2022\\\/05\\\/IMG-20211226-WA0027-1.jpg\",\"contentUrl\":\"https:\\\/\\\/juancabame.com\\\/wp-content\\\/uploads\\\/2022\\\/05\\\/IMG-20211226-WA0027-1.jpg\"},{\"@type\":\"BreadcrumbList\",\"@id\":\"https:\\\/\\\/juancabame.com\\\/#breadcrumb\",\"itemListElement\":[{\"@type\":\"ListItem\",\"position\":1,\"name\":\"Home\",\"item\":\"https:\\\/\\\/juancabame.com\\\/\"},{\"@type\":\"ListItem\",\"position\":2,\"name\":\"Home\"}]},{\"@type\":\"WebSite\",\"@id\":\"https:\\\/\\\/juancabame.com\\\/#website\",\"url\":\"https:\\\/\\\/juancabame.com\\\/\",\"name\":\"juancabame.com\",\"description\":\"Quien es Juan Camilo Bautista Medina\",\"publisher\":{\"@id\":\"https:\\\/\\\/juancabame.com\\\/#organization\"},\"potentialAction\":[{\"@type\":\"SearchAction\",\"target\":{\"@type\":\"EntryPoint\",\"urlTemplate\":\"https:\\\/\\\/juancabame.com\\\/?s={search_term_string}\"},\"query-input\":{\"@type\":\"PropertyValueSpecification\",\"valueRequired\":true,\"valueName\":\"search_term_string\"}}],\"inLanguage\":\"es-CO\"},{\"@type\":\"Organization\",\"@id\":\"https:\\\/\\\/juancabame.com\\\/#organization\",\"name\":\"juancabame.com\",\"url\":\"https:\\\/\\\/juancabame.com\\\/\",\"logo\":{\"@type\":\"ImageObject\",\"inLanguage\":\"es-CO\",\"@id\":\"https:\\\/\\\/juancabame.com\\\/#\\\/schema\\\/logo\\\/image\\\/\",\"url\":\"https:\\\/\\\/juancabame.com\\\/wp-content\\\/uploads\\\/2022\\\/05\\\/cropped-Logo_JuanCaBaMe.png\",\"contentUrl\":\"https:\\\/\\\/juancabame.com\\\/wp-content\\\/uploads\\\/2022\\\/05\\\/cropped-Logo_JuanCaBaMe.png\",\"width\":598,\"height\":324,\"caption\":\"juancabame.com\"},\"image\":{\"@id\":\"https:\\\/\\\/juancabame.com\\\/#\\\/schema\\\/logo\\\/image\\\/\"}}]}<\/script>\n<!-- \/ Yoast SEO plugin. -->","yoast_head_json":{"title":"Home - juancabame.com","robots":{"index":"index","follow":"follow","max-snippet":"max-snippet:-1","max-image-preview":"max-image-preview:large","max-video-preview":"max-video-preview:-1"},"canonical":"https:\/\/juancabame.com\/","og_locale":"es_ES","og_type":"article","og_title":"Home - juancabame.com","og_description":"Certificado en: Cursos: Check Point Certified Admin. AZ-104: MICROSOFT AZURE ADMINISTRATOR. ISO 27032. Redes y seguridad. Internetworking CISCO CCNA routing y switching. English dot works 1. Desarrollo de aplicaciones con interfaz gr\u00e1fica, manejo de eventos, clases y objetos: JAVA. Desarrollo de aplicaciones con manejo de datos en la memoria- JAVA. Sobre mi: Juan Camilo Bautista &hellip; Home Leer m\u00e1s &raquo;","og_url":"https:\/\/juancabame.com\/","og_site_name":"juancabame.com","article_modified_time":"2025-03-19T20:20:16+00:00","og_image":[{"url":"https:\/\/juancabame.com\/wp-content\/uploads\/2022\/05\/IMG-20211226-WA0027-1.jpg","type":"","width":"","height":""}],"twitter_card":"summary_large_image","twitter_misc":{"Tiempo de lectura":"4 minutos"},"schema":{"@context":"https:\/\/schema.org","@graph":[{"@type":"WebPage","@id":"https:\/\/juancabame.com\/","url":"https:\/\/juancabame.com\/","name":"Home - juancabame.com","isPartOf":{"@id":"https:\/\/juancabame.com\/#website"},"primaryImageOfPage":{"@id":"https:\/\/juancabame.com\/#primaryimage"},"image":{"@id":"https:\/\/juancabame.com\/#primaryimage"},"thumbnailUrl":"https:\/\/juancabame.com\/wp-content\/uploads\/2022\/05\/IMG-20211226-WA0027-1.jpg","datePublished":"2021-04-06T10:35:00+00:00","dateModified":"2025-03-19T20:20:16+00:00","breadcrumb":{"@id":"https:\/\/juancabame.com\/#breadcrumb"},"inLanguage":"es-CO","potentialAction":[{"@type":"ReadAction","target":["https:\/\/juancabame.com\/"]}]},{"@type":"ImageObject","inLanguage":"es-CO","@id":"https:\/\/juancabame.com\/#primaryimage","url":"https:\/\/juancabame.com\/wp-content\/uploads\/2022\/05\/IMG-20211226-WA0027-1.jpg","contentUrl":"https:\/\/juancabame.com\/wp-content\/uploads\/2022\/05\/IMG-20211226-WA0027-1.jpg"},{"@type":"BreadcrumbList","@id":"https:\/\/juancabame.com\/#breadcrumb","itemListElement":[{"@type":"ListItem","position":1,"name":"Home","item":"https:\/\/juancabame.com\/"},{"@type":"ListItem","position":2,"name":"Home"}]},{"@type":"WebSite","@id":"https:\/\/juancabame.com\/#website","url":"https:\/\/juancabame.com\/","name":"juancabame.com","description":"Quien es Juan Camilo Bautista Medina","publisher":{"@id":"https:\/\/juancabame.com\/#organization"},"potentialAction":[{"@type":"SearchAction","target":{"@type":"EntryPoint","urlTemplate":"https:\/\/juancabame.com\/?s={search_term_string}"},"query-input":{"@type":"PropertyValueSpecification","valueRequired":true,"valueName":"search_term_string"}}],"inLanguage":"es-CO"},{"@type":"Organization","@id":"https:\/\/juancabame.com\/#organization","name":"juancabame.com","url":"https:\/\/juancabame.com\/","logo":{"@type":"ImageObject","inLanguage":"es-CO","@id":"https:\/\/juancabame.com\/#\/schema\/logo\/image\/","url":"https:\/\/juancabame.com\/wp-content\/uploads\/2022\/05\/cropped-Logo_JuanCaBaMe.png","contentUrl":"https:\/\/juancabame.com\/wp-content\/uploads\/2022\/05\/cropped-Logo_JuanCaBaMe.png","width":598,"height":324,"caption":"juancabame.com"},"image":{"@id":"https:\/\/juancabame.com\/#\/schema\/logo\/image\/"}}]}},"_links":{"self":[{"href":"https:\/\/juancabame.com\/index.php?rest_route=\/wp\/v2\/pages\/961","targetHints":{"allow":["GET"]}}],"collection":[{"href":"https:\/\/juancabame.com\/index.php?rest_route=\/wp\/v2\/pages"}],"about":[{"href":"https:\/\/juancabame.com\/index.php?rest_route=\/wp\/v2\/types\/page"}],"author":[{"embeddable":true,"href":"https:\/\/juancabame.com\/index.php?rest_route=\/wp\/v2\/users\/1"}],"replies":[{"embeddable":true,"href":"https:\/\/juancabame.com\/index.php?rest_route=%2Fwp%2Fv2%2Fcomments&post=961"}],"version-history":[{"count":41,"href":"https:\/\/juancabame.com\/index.php?rest_route=\/wp\/v2\/pages\/961\/revisions"}],"predecessor-version":[{"id":1536,"href":"https:\/\/juancabame.com\/index.php?rest_route=\/wp\/v2\/pages\/961\/revisions\/1536"}],"wp:attachment":[{"href":"https:\/\/juancabame.com\/index.php?rest_route=%2Fwp%2Fv2%2Fmedia&parent=961"}],"curies":[{"name":"wp","href":"https:\/\/api.w.org\/{rel}","templated":true}]}}