{"id":1378,"date":"2022-07-25T16:36:10","date_gmt":"2022-07-25T21:36:10","guid":{"rendered":"https:\/\/juancabame.com\/?page_id=1378"},"modified":"2022-12-08T17:15:31","modified_gmt":"2022-12-08T22:15:31","slug":"libros","status":"publish","type":"page","link":"https:\/\/juancabame.com\/?page_id=1378","title":{"rendered":"Libros:"},"content":{"rendered":"\n<h2 class=\"alignwide has-text-align-center wp-block-heading\">La Biblia de los caidos:<\/h2>\n\n\n\n<h3 class=\"has-text-align-center wp-block-heading\"><strong>Tomo 2 Del testamento del Gris<\/strong><\/h3>\n\n\n\n<div class=\"wp-block-columns is-layout-flex wp-container-core-columns-is-layout-28f84493 wp-block-columns-is-layout-flex\">\n<div class=\"wp-block-column is-layout-flow wp-block-column-is-layout-flow\"><\/div>\n\n\n\n<div class=\"wp-block-column is-layout-flow wp-block-column-is-layout-flow\">\n<figure class=\"wp-block-image size-full is-resized\"><img loading=\"lazy\" decoding=\"async\" src=\"https:\/\/juancabame.com\/wp-content\/uploads\/2022\/07\/la-biblia-de-los-caidos-tomo-2-del-testamento-del-gris-1.png\" alt=\"\" class=\"wp-image-1380\" width=\"342\" height=\"342\" srcset=\"https:\/\/juancabame.com\/wp-content\/uploads\/2022\/07\/la-biblia-de-los-caidos-tomo-2-del-testamento-del-gris-1.png 800w, https:\/\/juancabame.com\/wp-content\/uploads\/2022\/07\/la-biblia-de-los-caidos-tomo-2-del-testamento-del-gris-1-300x300.png 300w, https:\/\/juancabame.com\/wp-content\/uploads\/2022\/07\/la-biblia-de-los-caidos-tomo-2-del-testamento-del-gris-1-150x150.png 150w, https:\/\/juancabame.com\/wp-content\/uploads\/2022\/07\/la-biblia-de-los-caidos-tomo-2-del-testamento-del-gris-1-768x768.png 768w\" sizes=\"auto, (max-width: 342px) 100vw, 342px\" \/><\/figure>\n<\/div>\n\n\n\n<div class=\"wp-block-column is-layout-flow wp-block-column-is-layout-flow\"><\/div>\n<\/div>\n\n\n\n<p class=\"has-medium-font-size\">La biblia de los ca\u00eddos es una serie de libros de ficci\u00f3n escrita por Fernando Tujillo, desarrollada en un universo de fantas\u00eda donde encontramos vampiros, hombres lobos, magos, brujos, \u00e1ngeles, demonios entre otros seres de fantas\u00eda.<\/p>\n\n\n\n<p class=\"has-medium-font-size\">El libro que hablaremos en esta rese\u00f1a se ubica como septimo, este es el orden hasta el momento:<\/p>\n\n\n\n<div class=\"wp-block-columns is-layout-flex wp-container-core-columns-is-layout-28f84493 wp-block-columns-is-layout-flex\">\n<div class=\"wp-block-column is-layout-flow wp-block-column-is-layout-flow\">\n<ul class=\"has-medium-font-size wp-block-list\"><li>La biblia de los ca\u00eddos. Tomo 0.<\/li><li>Tomo 1 del testamento de Sombra.<\/li><li>Tomo 1 del testamento de Gris.<\/li><li>Tomo 1 del testamento de Mad.<\/li><li>Tomo1 del testamento de Nilia.<\/li><li>Tomo 2 del testamento del Gris.<\/li><\/ul>\n<\/div>\n\n\n\n<div class=\"wp-block-column is-layout-flow wp-block-column-is-layout-flow\"><\/div>\n<\/div>\n\n\n\n<div style=\"height:100px\" aria-hidden=\"true\" class=\"wp-block-spacer\"><\/div>\n\n\n\n<hr class=\"wp-block-separator aligncenter has-alpha-channel-opacity is-style-wide\"\/>\n\n\n\n<div class=\"wp-block-cover is-light\" style=\"min-height:596px;aspect-ratio:unset;\"><span aria-hidden=\"true\" class=\"wp-block-cover__background has-background-dim\"><\/span><img loading=\"lazy\" decoding=\"async\" width=\"480\" height=\"360\" class=\"wp-block-cover__image-background wp-image-1396\" alt=\"\" src=\"https:\/\/juancabame.com\/wp-content\/uploads\/2022\/07\/hqdefault.jpg\" data-object-fit=\"cover\" srcset=\"https:\/\/juancabame.com\/wp-content\/uploads\/2022\/07\/hqdefault.jpg 480w, https:\/\/juancabame.com\/wp-content\/uploads\/2022\/07\/hqdefault-300x225.jpg 300w\" sizes=\"auto, (max-width: 480px) 100vw, 480px\" \/><div class=\"wp-block-cover__inner-container is-layout-flow wp-block-cover-is-layout-flow\">\n<p class=\"has-text-align-center has-large-font-size\"><\/p>\n<\/div><\/div>\n\n\n\n<h4 class=\"wp-block-heading\">Resumen:<\/h4>\n\n\n\n<p class=\"has-medium-font-size\">En el prologo encontramos como Ramsey luego del fracaso del exorcismo de la hija de Mario Tancredo, decide acabar con su vida tratando de lanzarse desde un edificio alto, en el cual conoce a un polic\u00eda misterioso enviado a convencerlo de no lanzarse, aunque utiliza un m\u00e9todo algo diferente incit\u00e1ndolo a tirarse y finalizando con un empuj\u00f3n indicando que lo ayudar\u00e1 y todo estar\u00e1 bien, en el transcurso de su conversaci\u00f3n lo convence a ponerse una pulsera.<\/p>\n\n\n\n<p class=\"has-medium-font-size\">Empezamos el primer vers\u00edculo con la llegada de Diego con un Gris casi muerto a la iglesia, que tiene alucinaciones, recuerdo de una mujer y un ni\u00f1o viendo todo a colores, hasta que es despertado por un Diego destrozado, llorando y pidiendo que no se muera, mientras tanto Alex va a visitar a Sara para convencerla que no deje el grupo pues el Gris todav\u00eda la necesita y el asesinato que ella cometi\u00f3 podr\u00eda no ser la mejor sal\u00eda al problema que ten\u00edan pero si fue lo que salvo a todos de no morir en el momento, en la iglesia cuando ya todo parec\u00eda negro para el Gris aparece el ser m\u00e1s odia por Diego, el \u00e1ngel Mikael quien procede a salvar la vida de nuestro protagonista.<\/p>\n","protected":false},"excerpt":{"rendered":"<p>La Biblia de los caidos: Tomo 2 Del testamento del Gris La biblia de los ca\u00eddos es una serie de libros de ficci\u00f3n escrita por Fernando Tujillo, desarrollada en un universo de fantas\u00eda donde encontramos vampiros, hombres lobos, magos, brujos, \u00e1ngeles, demonios entre otros seres de fantas\u00eda. El libro que hablaremos en esta rese\u00f1a se &hellip;<\/p>\n<p class=\"read-more\"> <a class=\"\" href=\"https:\/\/juancabame.com\/?page_id=1378\"> <span class=\"screen-reader-text\">Libros:<\/span> Leer m\u00e1s &raquo;<\/a><\/p>\n","protected":false},"author":1,"featured_media":0,"parent":961,"menu_order":0,"comment_status":"closed","ping_status":"closed","template":"","meta":{"om_disable_all_campaigns":false,"_mi_skip_tracking":false,"site-sidebar-layout":"default","site-content-layout":"default","ast-global-header-display":"","ast-main-header-display":"","ast-hfb-above-header-display":"","ast-hfb-below-header-display":"","ast-hfb-mobile-header-display":"","site-post-title":"","ast-breadcrumbs-content":"","ast-featured-img":"","footer-sml-layout":"","theme-transparent-header-meta":"","adv-header-id-meta":"","stick-header-meta":"","header-above-stick-meta":"","header-main-stick-meta":"","header-below-stick-meta":"","footnotes":""},"class_list":["post-1378","page","type-page","status-publish","hentry"],"yoast_head":"<!-- This site is optimized with the Yoast SEO plugin v27.4 - https:\/\/yoast.com\/product\/yoast-seo-wordpress\/ -->\n<title>Libros: - juancabame.com<\/title>\n<meta name=\"robots\" content=\"index, follow, max-snippet:-1, max-image-preview:large, max-video-preview:-1\" \/>\n<link rel=\"canonical\" href=\"https:\/\/juancabame.com\/?page_id=1378\" \/>\n<meta property=\"og:locale\" content=\"es_ES\" \/>\n<meta property=\"og:type\" content=\"article\" \/>\n<meta property=\"og:title\" content=\"Libros: - juancabame.com\" \/>\n<meta property=\"og:description\" content=\"La Biblia de los caidos: Tomo 2 Del testamento del Gris La biblia de los ca\u00eddos es una serie de libros de ficci\u00f3n escrita por Fernando Tujillo, desarrollada en un universo de fantas\u00eda donde encontramos vampiros, hombres lobos, magos, brujos, \u00e1ngeles, demonios entre otros seres de fantas\u00eda. El libro que hablaremos en esta rese\u00f1a se &hellip; Libros: Leer m\u00e1s &raquo;\" \/>\n<meta property=\"og:url\" content=\"https:\/\/juancabame.com\/?page_id=1378\" \/>\n<meta property=\"og:site_name\" content=\"juancabame.com\" \/>\n<meta property=\"article:modified_time\" content=\"2022-12-08T22:15:31+00:00\" \/>\n<meta property=\"og:image\" content=\"https:\/\/juancabame.com\/wp-content\/uploads\/2022\/07\/la-biblia-de-los-caidos-tomo-2-del-testamento-del-gris-1.png\" \/>\n<meta name=\"twitter:card\" content=\"summary_large_image\" \/>\n<meta name=\"twitter:label1\" content=\"Tiempo de lectura\" \/>\n\t<meta name=\"twitter:data1\" content=\"2 minutos\" \/>\n<script type=\"application\/ld+json\" class=\"yoast-schema-graph\">{\"@context\":\"https:\\\/\\\/schema.org\",\"@graph\":[{\"@type\":\"WebPage\",\"@id\":\"https:\\\/\\\/juancabame.com\\\/?page_id=1378\",\"url\":\"https:\\\/\\\/juancabame.com\\\/?page_id=1378\",\"name\":\"Libros: - juancabame.com\",\"isPartOf\":{\"@id\":\"https:\\\/\\\/juancabame.com\\\/#website\"},\"primaryImageOfPage\":{\"@id\":\"https:\\\/\\\/juancabame.com\\\/?page_id=1378#primaryimage\"},\"image\":{\"@id\":\"https:\\\/\\\/juancabame.com\\\/?page_id=1378#primaryimage\"},\"thumbnailUrl\":\"https:\\\/\\\/juancabame.com\\\/wp-content\\\/uploads\\\/2022\\\/07\\\/la-biblia-de-los-caidos-tomo-2-del-testamento-del-gris-1.png\",\"datePublished\":\"2022-07-25T21:36:10+00:00\",\"dateModified\":\"2022-12-08T22:15:31+00:00\",\"breadcrumb\":{\"@id\":\"https:\\\/\\\/juancabame.com\\\/?page_id=1378#breadcrumb\"},\"inLanguage\":\"es-CO\",\"potentialAction\":[{\"@type\":\"ReadAction\",\"target\":[\"https:\\\/\\\/juancabame.com\\\/?page_id=1378\"]}]},{\"@type\":\"ImageObject\",\"inLanguage\":\"es-CO\",\"@id\":\"https:\\\/\\\/juancabame.com\\\/?page_id=1378#primaryimage\",\"url\":\"https:\\\/\\\/juancabame.com\\\/wp-content\\\/uploads\\\/2022\\\/07\\\/la-biblia-de-los-caidos-tomo-2-del-testamento-del-gris-1.png\",\"contentUrl\":\"https:\\\/\\\/juancabame.com\\\/wp-content\\\/uploads\\\/2022\\\/07\\\/la-biblia-de-los-caidos-tomo-2-del-testamento-del-gris-1.png\",\"width\":800,\"height\":800},{\"@type\":\"BreadcrumbList\",\"@id\":\"https:\\\/\\\/juancabame.com\\\/?page_id=1378#breadcrumb\",\"itemListElement\":[{\"@type\":\"ListItem\",\"position\":1,\"name\":\"Home\",\"item\":\"https:\\\/\\\/juancabame.com\\\/\"},{\"@type\":\"ListItem\",\"position\":2,\"name\":\"Home\",\"item\":\"https:\\\/\\\/juancabame.com\\\/\"},{\"@type\":\"ListItem\",\"position\":3,\"name\":\"Libros:\"}]},{\"@type\":\"WebSite\",\"@id\":\"https:\\\/\\\/juancabame.com\\\/#website\",\"url\":\"https:\\\/\\\/juancabame.com\\\/\",\"name\":\"juancabame.com\",\"description\":\"Quien es Juan Camilo Bautista Medina\",\"publisher\":{\"@id\":\"https:\\\/\\\/juancabame.com\\\/#organization\"},\"potentialAction\":[{\"@type\":\"SearchAction\",\"target\":{\"@type\":\"EntryPoint\",\"urlTemplate\":\"https:\\\/\\\/juancabame.com\\\/?s={search_term_string}\"},\"query-input\":{\"@type\":\"PropertyValueSpecification\",\"valueRequired\":true,\"valueName\":\"search_term_string\"}}],\"inLanguage\":\"es-CO\"},{\"@type\":\"Organization\",\"@id\":\"https:\\\/\\\/juancabame.com\\\/#organization\",\"name\":\"juancabame.com\",\"url\":\"https:\\\/\\\/juancabame.com\\\/\",\"logo\":{\"@type\":\"ImageObject\",\"inLanguage\":\"es-CO\",\"@id\":\"https:\\\/\\\/juancabame.com\\\/#\\\/schema\\\/logo\\\/image\\\/\",\"url\":\"https:\\\/\\\/juancabame.com\\\/wp-content\\\/uploads\\\/2022\\\/05\\\/cropped-Logo_JuanCaBaMe.png\",\"contentUrl\":\"https:\\\/\\\/juancabame.com\\\/wp-content\\\/uploads\\\/2022\\\/05\\\/cropped-Logo_JuanCaBaMe.png\",\"width\":598,\"height\":324,\"caption\":\"juancabame.com\"},\"image\":{\"@id\":\"https:\\\/\\\/juancabame.com\\\/#\\\/schema\\\/logo\\\/image\\\/\"}}]}<\/script>\n<!-- \/ Yoast SEO plugin. -->","yoast_head_json":{"title":"Libros: - juancabame.com","robots":{"index":"index","follow":"follow","max-snippet":"max-snippet:-1","max-image-preview":"max-image-preview:large","max-video-preview":"max-video-preview:-1"},"canonical":"https:\/\/juancabame.com\/?page_id=1378","og_locale":"es_ES","og_type":"article","og_title":"Libros: - juancabame.com","og_description":"La Biblia de los caidos: Tomo 2 Del testamento del Gris La biblia de los ca\u00eddos es una serie de libros de ficci\u00f3n escrita por Fernando Tujillo, desarrollada en un universo de fantas\u00eda donde encontramos vampiros, hombres lobos, magos, brujos, \u00e1ngeles, demonios entre otros seres de fantas\u00eda. El libro que hablaremos en esta rese\u00f1a se &hellip; Libros: Leer m\u00e1s &raquo;","og_url":"https:\/\/juancabame.com\/?page_id=1378","og_site_name":"juancabame.com","article_modified_time":"2022-12-08T22:15:31+00:00","og_image":[{"url":"https:\/\/juancabame.com\/wp-content\/uploads\/2022\/07\/la-biblia-de-los-caidos-tomo-2-del-testamento-del-gris-1.png","type":"","width":"","height":""}],"twitter_card":"summary_large_image","twitter_misc":{"Tiempo de lectura":"2 minutos"},"schema":{"@context":"https:\/\/schema.org","@graph":[{"@type":"WebPage","@id":"https:\/\/juancabame.com\/?page_id=1378","url":"https:\/\/juancabame.com\/?page_id=1378","name":"Libros: - juancabame.com","isPartOf":{"@id":"https:\/\/juancabame.com\/#website"},"primaryImageOfPage":{"@id":"https:\/\/juancabame.com\/?page_id=1378#primaryimage"},"image":{"@id":"https:\/\/juancabame.com\/?page_id=1378#primaryimage"},"thumbnailUrl":"https:\/\/juancabame.com\/wp-content\/uploads\/2022\/07\/la-biblia-de-los-caidos-tomo-2-del-testamento-del-gris-1.png","datePublished":"2022-07-25T21:36:10+00:00","dateModified":"2022-12-08T22:15:31+00:00","breadcrumb":{"@id":"https:\/\/juancabame.com\/?page_id=1378#breadcrumb"},"inLanguage":"es-CO","potentialAction":[{"@type":"ReadAction","target":["https:\/\/juancabame.com\/?page_id=1378"]}]},{"@type":"ImageObject","inLanguage":"es-CO","@id":"https:\/\/juancabame.com\/?page_id=1378#primaryimage","url":"https:\/\/juancabame.com\/wp-content\/uploads\/2022\/07\/la-biblia-de-los-caidos-tomo-2-del-testamento-del-gris-1.png","contentUrl":"https:\/\/juancabame.com\/wp-content\/uploads\/2022\/07\/la-biblia-de-los-caidos-tomo-2-del-testamento-del-gris-1.png","width":800,"height":800},{"@type":"BreadcrumbList","@id":"https:\/\/juancabame.com\/?page_id=1378#breadcrumb","itemListElement":[{"@type":"ListItem","position":1,"name":"Home","item":"https:\/\/juancabame.com\/"},{"@type":"ListItem","position":2,"name":"Home","item":"https:\/\/juancabame.com\/"},{"@type":"ListItem","position":3,"name":"Libros:"}]},{"@type":"WebSite","@id":"https:\/\/juancabame.com\/#website","url":"https:\/\/juancabame.com\/","name":"juancabame.com","description":"Quien es Juan Camilo Bautista Medina","publisher":{"@id":"https:\/\/juancabame.com\/#organization"},"potentialAction":[{"@type":"SearchAction","target":{"@type":"EntryPoint","urlTemplate":"https:\/\/juancabame.com\/?s={search_term_string}"},"query-input":{"@type":"PropertyValueSpecification","valueRequired":true,"valueName":"search_term_string"}}],"inLanguage":"es-CO"},{"@type":"Organization","@id":"https:\/\/juancabame.com\/#organization","name":"juancabame.com","url":"https:\/\/juancabame.com\/","logo":{"@type":"ImageObject","inLanguage":"es-CO","@id":"https:\/\/juancabame.com\/#\/schema\/logo\/image\/","url":"https:\/\/juancabame.com\/wp-content\/uploads\/2022\/05\/cropped-Logo_JuanCaBaMe.png","contentUrl":"https:\/\/juancabame.com\/wp-content\/uploads\/2022\/05\/cropped-Logo_JuanCaBaMe.png","width":598,"height":324,"caption":"juancabame.com"},"image":{"@id":"https:\/\/juancabame.com\/#\/schema\/logo\/image\/"}}]}},"_links":{"self":[{"href":"https:\/\/juancabame.com\/index.php?rest_route=\/wp\/v2\/pages\/1378","targetHints":{"allow":["GET"]}}],"collection":[{"href":"https:\/\/juancabame.com\/index.php?rest_route=\/wp\/v2\/pages"}],"about":[{"href":"https:\/\/juancabame.com\/index.php?rest_route=\/wp\/v2\/types\/page"}],"author":[{"embeddable":true,"href":"https:\/\/juancabame.com\/index.php?rest_route=\/wp\/v2\/users\/1"}],"replies":[{"embeddable":true,"href":"https:\/\/juancabame.com\/index.php?rest_route=%2Fwp%2Fv2%2Fcomments&post=1378"}],"version-history":[{"count":7,"href":"https:\/\/juancabame.com\/index.php?rest_route=\/wp\/v2\/pages\/1378\/revisions"}],"predecessor-version":[{"id":1397,"href":"https:\/\/juancabame.com\/index.php?rest_route=\/wp\/v2\/pages\/1378\/revisions\/1397"}],"up":[{"embeddable":true,"href":"https:\/\/juancabame.com\/index.php?rest_route=\/wp\/v2\/pages\/961"}],"wp:attachment":[{"href":"https:\/\/juancabame.com\/index.php?rest_route=%2Fwp%2Fv2%2Fmedia&parent=1378"}],"curies":[{"name":"wp","href":"https:\/\/api.w.org\/{rel}","templated":true}]}}